{"id":2373,"date":"2026-02-12T22:26:55","date_gmt":"2026-02-13T01:26:55","guid":{"rendered":"https:\/\/folhaespirita.com.br\/loja\/?page_id=2373"},"modified":"2026-02-13T06:37:00","modified_gmt":"2026-02-13T09:37:00","slug":"cart","status":"publish","type":"page","link":"https:\/\/folhaespirita.com.br\/loja\/cart\/","title":{"rendered":"cart"},"content":{"rendered":"\t\t<div data-elementor-type=\"wp-page\" data-elementor-id=\"2373\" class=\"elementor elementor-2373\" data-elementor-post-type=\"page\">\n\t\t\t\t<div class=\"elementor-element elementor-element-86b1d27 e-flex e-con-boxed e-con e-parent\" data-id=\"86b1d27\" data-element_type=\"container\" data-e-type=\"container\">\n\t\t\t\t\t<div class=\"e-con-inner\">\n\t\t\t\t<div class=\"elementor-element elementor-element-c4762f3 elementor-widget elementor-widget-heading\" data-id=\"c4762f3\" data-element_type=\"widget\" data-e-type=\"widget\" data-widget_type=\"heading.default\">\n\t\t\t\t\t<h3 class=\"elementor-heading-title elementor-size-default\">Carrinho<\/h3>\t\t\t\t<\/div>\n\t\t\t\t<div class=\"elementor-element elementor-element-1e97e69 elementor-position-inline-start elementor-view-default elementor-mobile-position-block-start elementor-widget elementor-widget-icon-box\" data-id=\"1e97e69\" data-element_type=\"widget\" data-e-type=\"widget\" data-widget_type=\"icon-box.default\">\n\t\t\t\t\t\t\t<div class=\"elementor-icon-box-wrapper\">\n\n\t\t\t\t\t\t<div class=\"elementor-icon-box-icon\">\n\t\t\t\t<span  class=\"elementor-icon\">\n\t\t\t\t<i aria-hidden=\"true\" class=\"icon icon-idea_generate\"><\/i>\t\t\t\t<\/span>\n\t\t\t<\/div>\n\t\t\t\n\t\t\t\t\t\t<div class=\"elementor-icon-box-content\">\n\n\t\t\t\t\t\t\t\t\t<h3 class=\"elementor-icon-box-title\">\n\t\t\t\t\t\t<span  >\n\t\t\t\t\t\t\tAten\u00e7\u00e3o!\t\t\t\t\t\t<\/span>\n\t\t\t\t\t<\/h3>\n\t\t\t\t\n\t\t\t\t\t\t\t\t\t<p class=\"elementor-icon-box-description\">\n\t\t\t\t\t\t\t\nNossos livros s\u00e3o impressos sob demanda, um a um. Com isto, preservamos recursos e evitamos desperd\u00edcios. O prazo de produ\u00e7\u00e3o do livro \u00e9 de 08 dias, ap\u00f3s este prazo, o livro \u00e9 postado. <b>O prazo total para a entrega ser\u00e1 de 8 dias mais o prazo do transporte!<\/b>\t\t\t\t\t<\/p>\n\t\t\t\t\n\t\t\t<\/div>\n\t\t\t\n\t\t<\/div>\n\t\t\t\t\t\t<\/div>\n\t\t\t\t\t<\/div>\n\t\t\t\t<\/div>\n\t\t\t\t<\/div>\n\t\t","protected":false},"excerpt":{"rendered":"<p>Carrinho Aten\u00e7\u00e3o! Nossos livros s\u00e3o impressos sob demanda, um a um. Com isto, preservamos recursos e evitamos desperd\u00edcios. O prazo de produ\u00e7\u00e3o do livro \u00e9 de 08 dias, ap\u00f3s este prazo, o livro \u00e9 postado. O prazo total para a entrega ser\u00e1 de 8 dias mais o prazo do transporte! Remover item Imagem de miniatura [&hellip;]<\/p>\n","protected":false},"author":86,"featured_media":0,"parent":0,"menu_order":0,"comment_status":"closed","ping_status":"closed","template":"","meta":{"footnotes":""},"class_list":["post-2373","page","type-page","status-publish","hentry"],"_links":{"self":[{"href":"https:\/\/folhaespirita.com.br\/loja\/wp-json\/wp\/v2\/pages\/2373","targetHints":{"allow":["GET"]}}],"collection":[{"href":"https:\/\/folhaespirita.com.br\/loja\/wp-json\/wp\/v2\/pages"}],"about":[{"href":"https:\/\/folhaespirita.com.br\/loja\/wp-json\/wp\/v2\/types\/page"}],"author":[{"embeddable":true,"href":"https:\/\/folhaespirita.com.br\/loja\/wp-json\/wp\/v2\/users\/86"}],"replies":[{"embeddable":true,"href":"https:\/\/folhaespirita.com.br\/loja\/wp-json\/wp\/v2\/comments?post=2373"}],"version-history":[{"count":40,"href":"https:\/\/folhaespirita.com.br\/loja\/wp-json\/wp\/v2\/pages\/2373\/revisions"}],"predecessor-version":[{"id":2423,"href":"https:\/\/folhaespirita.com.br\/loja\/wp-json\/wp\/v2\/pages\/2373\/revisions\/2423"}],"wp:attachment":[{"href":"https:\/\/folhaespirita.com.br\/loja\/wp-json\/wp\/v2\/media?parent=2373"}],"curies":[{"name":"wp","href":"https:\/\/api.w.org\/{rel}","templated":true}]}}