{"id":2000,"date":"2022-04-08T20:37:53","date_gmt":"2022-04-08T23:37:53","guid":{"rendered":"https:\/\/folhaespirita.com.br\/loja\/produto\/les-masques-de-lobsession\/"},"modified":"2026-02-03T19:25:01","modified_gmt":"2026-02-03T22:25:01","slug":"les-masques-de-lobsession","status":"publish","type":"product","link":"https:\/\/folhaespirita.com.br\/loja\/produto\/les-masques-de-lobsession\/","title":{"rendered":"LES MASQUES DE L&#8217;OBSESSION"},"content":{"rendered":"<p>Andr\u00e9 Luiz est le nom donn\u00e9 \u00e0 l&#8217;Esprit d&#8217;un grand m\u00e9decin et chercheur de Rio de Janeiro qui, de l&#8217;au-del\u00e0, \u00e9crivit par l&#8217;interm\u00e9diaire du m\u00e9dium Chico Xavier, une s\u00e9rie de livres psychographi\u00e9s, d\u00e9crivant le monde spirituel dans lequel il \u00e9volue. Ces livres, vendus \u00e0 5 millions d&#8217;exemplaires, d\u00e9veloppent et analysent diff\u00e9rents sujets \u00e0 caract\u00e8re scientifique, tels la biologie, la psychologie, la m\u00e9decine, la physique, la chimie, l&#8217;anthropologie et la sociologie. Le caract\u00e8re de Grande R\u00e9v\u00e9lation qui semble avoir guid\u00e9 Andr\u00e9 Luiz dans ses \u00e9crits, a eu des r\u00e9percutions essentielles dans la formation de groupes de m\u00e9decins, regroup\u00e9s au sein de l&#8217;AME (Association Medica Espirita), partout au Br\u00e9sil et plus r\u00e9cement \u00e0 l&#8217;\u00e9tranger. Leurs recherches portent sur l&#8217;\u00e9tude de l&#8217;homme et de sa spiritualit\u00e9. Seule les qualit\u00e9s de v\u00e9ritable &#8221; m\u00e9dium de r\u00e9v\u00e9lation &#8221; ont permis \u00e0 Chico Xavier de nous transmettre ces exceptionnelles donn\u00e9es qui guideront encore des g\u00e9n\u00e9rations de scientifiques. Marl\u00e8ne Nobre, gyn\u00e9cologue de profession et m\u00e9dium, auteur de plusieurs ouvrages faisant le lien entre les connaissances m\u00e9dicales, scientifiques, et les r\u00e9v\u00e9lations spirituelles, est aussi la co-fondatrice et la pr\u00e9sidente de l&#8217;AME-International. Pour ce livre, qui traite de l&#8217;obsession : l&#8217;influence n\u00e9gative qu&#8217;une \u00e2me peut avoir sur une autre et celle de la pens\u00e9e, base de toute communication spirituelle, elle a \u00e9tudi\u00e9 quatorze livres de l&#8217;\u0153uvre d&#8217;Andr\u00e9 Luiz, \u00e9crits de 1943 \u00e0 1968. Tout professionnel devant d\u00e9velopper des outils propres \u00e0 son travail ; Marl\u00e8ne Nobre, nous pr\u00e9cise que l&#8217;outil m\u00e9diumnit\u00e9 nous permet de d\u00e9couvrir et d&#8217;aborder le monde spirituel que l&#8217;on commence \u00e0 peine \u00e0 comprendre. Ce livre s&#8217;adresse \u00e0 tous ceux qui sont persuad\u00e9s que toute \u00e9volution est impossible seulement sur le plan mat\u00e9riel, en ignorant que nous sommes en contact permanent avec le &#8221; monde des esprits &#8220;. La qualit\u00e9 du travail d&#8217;analyse et de synth\u00e8se effectu\u00e9 par Marl\u00e8ne Nobre en fera une r\u00e9f\u00e9rence en tant qu&#8217;\u00e9tude d&#8217;une \u0153uvre m\u00e9diumnique.<\/p>\n","protected":false},"excerpt":{"rendered":"<p>Andr\u00e9 Luiz est le nom donn\u00e9 \u00e0 l&#8217;Esprit d&#8217;un grand m\u00e9decin et chercheur de Rio de Janeiro qui, de l&#8217;au-del\u00e0, \u00e9crivit par l&#8217;interm\u00e9diaire du m\u00e9dium Chico Xavier, une s\u00e9rie de livres psychographi\u00e9s, d\u00e9crivant le monde spirituel dans lequel il \u00e9volue. Ces livres, vendus \u00e0 5 millions d&#8217;exemplaires, d\u00e9veloppent et analysent diff\u00e9rents sujets \u00e0 caract\u00e8re scientifique, [&hellip;]<\/p>\n","protected":false},"featured_media":2001,"comment_status":"open","ping_status":"open","template":"","meta":[],"product_brand":[],"product_cat":[26,23,21,27],"product_tag":[],"class_list":{"0":"post-2000","1":"product","2":"type-product","3":"status-publish","4":"has-post-thumbnail","6":"product_cat-autores","7":"product_cat-ebook","8":"product_cat-livros","9":"product_cat-marlene-nobre","11":"first","12":"instock","13":"shipping-taxable","14":"product-type-external"},"_links":{"self":[{"href":"https:\/\/folhaespirita.com.br\/loja\/wp-json\/wp\/v2\/product\/2000","targetHints":{"allow":["GET"]}}],"collection":[{"href":"https:\/\/folhaespirita.com.br\/loja\/wp-json\/wp\/v2\/product"}],"about":[{"href":"https:\/\/folhaespirita.com.br\/loja\/wp-json\/wp\/v2\/types\/product"}],"replies":[{"embeddable":true,"href":"https:\/\/folhaespirita.com.br\/loja\/wp-json\/wp\/v2\/comments?post=2000"}],"wp:featuredmedia":[{"embeddable":true,"href":"https:\/\/folhaespirita.com.br\/loja\/wp-json\/wp\/v2\/media\/2001"}],"wp:attachment":[{"href":"https:\/\/folhaespirita.com.br\/loja\/wp-json\/wp\/v2\/media?parent=2000"}],"wp:term":[{"taxonomy":"product_brand","embeddable":true,"href":"https:\/\/folhaespirita.com.br\/loja\/wp-json\/wp\/v2\/product_brand?post=2000"},{"taxonomy":"product_cat","embeddable":true,"href":"https:\/\/folhaespirita.com.br\/loja\/wp-json\/wp\/v2\/product_cat?post=2000"},{"taxonomy":"product_tag","embeddable":true,"href":"https:\/\/folhaespirita.com.br\/loja\/wp-json\/wp\/v2\/product_tag?post=2000"}],"curies":[{"name":"wp","href":"https:\/\/api.w.org\/{rel}","templated":true}]}}