{"id":2003,"date":"2022-04-08T20:40:17","date_gmt":"2022-04-08T23:40:17","guid":{"rendered":"https:\/\/folhaespirita.com.br\/loja\/produto\/lame-de-la-matiere\/"},"modified":"2026-02-03T19:25:03","modified_gmt":"2026-02-03T22:25:03","slug":"lame-de-la-matiere","status":"publish","type":"product","link":"https:\/\/folhaespirita.com.br\/loja\/produto\/lame-de-la-matiere\/","title":{"rendered":"L&#8217;\u00c2ME DE LA MATI\u00c8RE"},"content":{"rendered":"<p>Ce livre offre un point de vue qui permet d&#8217;appr\u00e9cier la contribution du spiritisme au domaine de la sant\u00e9. Il comprend la transcription de conf\u00e9rences r\u00e9alis\u00e9es dans six pays d&#8217;Europe sur les fondements de la m\u00e9decine spirite et de la bio\u00e9thique, de p\u00e9risprit, du processus r\u00e9incarnatoire et du clonage humain. Ces conf\u00e9rences mettent en relief l&#8217;\u00eatre int\u00e9gral : l&#8217;Esprit-Mati\u00e8re; la complexit\u00e9 des corps subtils, les nouveaux concepts de la sant\u00e9 et de la maladie, de l&#8217;anamn\u00e8se et de l&#8217;\u00e9tiologie ainsi que de l&#8217;int\u00e9gration dela spiritualit\u00e9 dans les traitements en mettant l&#8217;emphase sur le pouvoir curatif de la foi et de l&#8217;amour. Ce livre r\u00e9pond aux grands questionnements sur le clonage humain tels: est-il acceptable de vouloir &#8221; copier &#8221; une personne ? De fabriquer des embryons humains dans le seul but d&#8217;en utiliser leurs divers tissus ? Enfin, conform\u00e9ment aux aspirations profondes de l&#8217;\u00catre humain, il propose une union d\u00e9finitive entre la sant\u00e9 et la spiritualit\u00e9 dans le corpus r\u00e9gulier universitaire. Quelle est la contribution du spiritisme \u00e0 la m\u00e9decine? Devrions-nous cloner des personnes ? Fabriquer des embryons humains? Ce livre r\u00e9pond \u00e0 ces questions et \u00e0 bien d&#8217;autres, \u00e0 travers des th\u00e8mes tels: \u2022Les fondements de la m\u00e9decine spirite et de la bio\u00e9thique \u2022Le clonage humain \u2022La constitution du p\u00e9risprit De ces th\u00e8mes \u00e9merge une vision int\u00e9grale de l&#8217;\u00eatre humain : l&#8217;Esprit-Mati\u00e8re. Les \u00e9tats pathologiques sont en relations avec les facteurs biologiques, sociaux et psychologiques mais surtout spirituels. Le processus de gu\u00e9rison requiert toutes les ressources disponibles ainsi que celles qui sont inh\u00e9rentes \u00e0 l&#8217;\u00e2me et son essence : la foi, la pri\u00e8re et l&#8217;amour.<\/p>\n","protected":false},"excerpt":{"rendered":"<p>Ce livre offre un point de vue qui permet d&#8217;appr\u00e9cier la contribution du spiritisme au domaine de la sant\u00e9. Il comprend la transcription de conf\u00e9rences r\u00e9alis\u00e9es dans six pays d&#8217;Europe sur les fondements de la m\u00e9decine spirite et de la bio\u00e9thique, de p\u00e9risprit, du processus r\u00e9incarnatoire et du clonage humain. Ces conf\u00e9rences mettent en relief [&hellip;]<\/p>\n","protected":false},"featured_media":2004,"comment_status":"open","ping_status":"open","template":"","meta":[],"product_brand":[],"product_cat":[26,23,21,27],"product_tag":[],"class_list":{"0":"post-2003","1":"product","2":"type-product","3":"status-publish","4":"has-post-thumbnail","6":"product_cat-autores","7":"product_cat-ebook","8":"product_cat-livros","9":"product_cat-marlene-nobre","11":"first","12":"instock","13":"shipping-taxable","14":"product-type-external"},"_links":{"self":[{"href":"https:\/\/folhaespirita.com.br\/loja\/wp-json\/wp\/v2\/product\/2003","targetHints":{"allow":["GET"]}}],"collection":[{"href":"https:\/\/folhaespirita.com.br\/loja\/wp-json\/wp\/v2\/product"}],"about":[{"href":"https:\/\/folhaespirita.com.br\/loja\/wp-json\/wp\/v2\/types\/product"}],"replies":[{"embeddable":true,"href":"https:\/\/folhaespirita.com.br\/loja\/wp-json\/wp\/v2\/comments?post=2003"}],"wp:featuredmedia":[{"embeddable":true,"href":"https:\/\/folhaespirita.com.br\/loja\/wp-json\/wp\/v2\/media\/2004"}],"wp:attachment":[{"href":"https:\/\/folhaespirita.com.br\/loja\/wp-json\/wp\/v2\/media?parent=2003"}],"wp:term":[{"taxonomy":"product_brand","embeddable":true,"href":"https:\/\/folhaespirita.com.br\/loja\/wp-json\/wp\/v2\/product_brand?post=2003"},{"taxonomy":"product_cat","embeddable":true,"href":"https:\/\/folhaespirita.com.br\/loja\/wp-json\/wp\/v2\/product_cat?post=2003"},{"taxonomy":"product_tag","embeddable":true,"href":"https:\/\/folhaespirita.com.br\/loja\/wp-json\/wp\/v2\/product_tag?post=2003"}],"curies":[{"name":"wp","href":"https:\/\/api.w.org\/{rel}","templated":true}]}}