{"id":2021,"date":"2022-04-08T20:59:24","date_gmt":"2022-04-08T23:59:24","guid":{"rendered":"https:\/\/folhaespirita.com.br\/loja\/produto\/nossa-vida-no-alem\/"},"modified":"2026-04-02T07:19:57","modified_gmt":"2026-04-02T10:19:57","slug":"nossa-vida-no-alem","status":"publish","type":"product","link":"https:\/\/folhaespirita.com.br\/loja\/produto\/nossa-vida-no-alem\/","title":{"rendered":"Nossa Vida no Al\u00e9m"},"content":{"rendered":"<p>Como \u00e9 Morrer? H\u00e1 um programa nesse processo? E depois da morte, o que acontece? O Esp\u00edrito atravessa os planos materiais para fixar-se em algum lugar? Onde? Quais s\u00e3o os fatores que influem na sua adapta\u00e7\u00e3o \u00e0 Vida Nova? Neste livro, voc\u00ea encontra respostas para estas perguntas, com base na informa\u00e7\u00e3o dos Esp\u00edritos, que se comunicaram atrav\u00e9s de Chico Xavier, e dos pacientes que voltaram \u00e0 vida f\u00edsica, ap\u00f3s vivenciarem um Experi\u00eancia de Quase Morte (EQM).<\/p>\n","protected":false},"excerpt":{"rendered":"<p>Como \u00e9 Morrer? H\u00e1 um programa nesse processo? E depois da morte, o que acontece? O Esp\u00edrito atravessa os planos materiais para fixar-se em algum lugar? Onde? Quais s\u00e3o os fatores que influem na sua adapta\u00e7\u00e3o \u00e0 Vida Nova? Neste livro, voc\u00ea encontra respostas para estas perguntas, com base na informa\u00e7\u00e3o dos Esp\u00edritos, que se [&hellip;]<\/p>\n","protected":false},"featured_media":2464,"comment_status":"open","ping_status":"closed","template":"","meta":[],"product_brand":[],"product_cat":[26,24,21,27],"product_tag":[],"class_list":{"0":"post-2021","1":"product","2":"type-product","3":"status-publish","4":"has-post-thumbnail","6":"product_cat-autores","7":"product_cat-impressos","8":"product_cat-livros","9":"product_cat-marlene-nobre","11":"first","12":"outofstock","13":"shipping-taxable","14":"purchasable","15":"product-type-simple"},"_links":{"self":[{"href":"https:\/\/folhaespirita.com.br\/loja\/wp-json\/wp\/v2\/product\/2021","targetHints":{"allow":["GET"]}}],"collection":[{"href":"https:\/\/folhaespirita.com.br\/loja\/wp-json\/wp\/v2\/product"}],"about":[{"href":"https:\/\/folhaespirita.com.br\/loja\/wp-json\/wp\/v2\/types\/product"}],"replies":[{"embeddable":true,"href":"https:\/\/folhaespirita.com.br\/loja\/wp-json\/wp\/v2\/comments?post=2021"}],"wp:featuredmedia":[{"embeddable":true,"href":"https:\/\/folhaespirita.com.br\/loja\/wp-json\/wp\/v2\/media\/2464"}],"wp:attachment":[{"href":"https:\/\/folhaespirita.com.br\/loja\/wp-json\/wp\/v2\/media?parent=2021"}],"wp:term":[{"taxonomy":"product_brand","embeddable":true,"href":"https:\/\/folhaespirita.com.br\/loja\/wp-json\/wp\/v2\/product_brand?post=2021"},{"taxonomy":"product_cat","embeddable":true,"href":"https:\/\/folhaespirita.com.br\/loja\/wp-json\/wp\/v2\/product_cat?post=2021"},{"taxonomy":"product_tag","embeddable":true,"href":"https:\/\/folhaespirita.com.br\/loja\/wp-json\/wp\/v2\/product_tag?post=2021"}],"curies":[{"name":"wp","href":"https:\/\/api.w.org\/{rel}","templated":true}]}}