{"id":2047,"date":"2022-04-25T12:34:06","date_gmt":"2022-04-25T15:34:06","guid":{"rendered":"https:\/\/folhaespirita.com.br\/loja\/produto\/um-homem-no-fundo-do-espelho-decio-iandoli-jr\/"},"modified":"2026-02-03T19:25:26","modified_gmt":"2026-02-03T22:25:26","slug":"um-homem-no-fundo-do-espelho-decio-iandoli-jr","status":"publish","type":"product","link":"https:\/\/folhaespirita.com.br\/loja\/produto\/um-homem-no-fundo-do-espelho-decio-iandoli-jr\/","title":{"rendered":"Um Homem no fundo do espelho"},"content":{"rendered":"<p>Esse livro \u00e9 um relato fict\u00edcio de uma experi\u00eancia de quase morte, revela muito mais que se poderia imaginar ao protagonista e, conseq\u00fcentemente, ao leitor, sendo abordados diversos temas relacionados \u00e0s viv\u00eancias do personagem e que podem servir de material de reflex\u00e3o.<\/p>\n<p>A hist\u00f3ria traz tamb\u00e9m conceitos reencarnacionistas, defendidos em obras anteriores do autor, buscando coer\u00eancia para tornar a fic\u00e7\u00e3o veross\u00edmil, dando for\u00e7a a hist\u00f3ria e aos conceitos que ela traz.<\/p>\n","protected":false},"excerpt":{"rendered":"<p>Consultar disponibilidade. Solicite um contato atrav\u00e9s de e-mail.<\/p>\n","protected":false},"featured_media":2048,"comment_status":"open","ping_status":"open","template":"","meta":[],"product_brand":[],"product_cat":[26,28,24,21],"product_tag":[],"class_list":{"0":"post-2047","1":"product","2":"type-product","3":"status-publish","4":"has-post-thumbnail","6":"product_cat-autores","7":"product_cat-decio-iandoli-jr","8":"product_cat-impressos","9":"product_cat-livros","11":"first","12":"outofstock","13":"shipping-taxable","14":"purchasable","15":"product-type-simple"},"_links":{"self":[{"href":"https:\/\/folhaespirita.com.br\/loja\/wp-json\/wp\/v2\/product\/2047","targetHints":{"allow":["GET"]}}],"collection":[{"href":"https:\/\/folhaespirita.com.br\/loja\/wp-json\/wp\/v2\/product"}],"about":[{"href":"https:\/\/folhaespirita.com.br\/loja\/wp-json\/wp\/v2\/types\/product"}],"replies":[{"embeddable":true,"href":"https:\/\/folhaespirita.com.br\/loja\/wp-json\/wp\/v2\/comments?post=2047"}],"wp:featuredmedia":[{"embeddable":true,"href":"https:\/\/folhaespirita.com.br\/loja\/wp-json\/wp\/v2\/media\/2048"}],"wp:attachment":[{"href":"https:\/\/folhaespirita.com.br\/loja\/wp-json\/wp\/v2\/media?parent=2047"}],"wp:term":[{"taxonomy":"product_brand","embeddable":true,"href":"https:\/\/folhaespirita.com.br\/loja\/wp-json\/wp\/v2\/product_brand?post=2047"},{"taxonomy":"product_cat","embeddable":true,"href":"https:\/\/folhaespirita.com.br\/loja\/wp-json\/wp\/v2\/product_cat?post=2047"},{"taxonomy":"product_tag","embeddable":true,"href":"https:\/\/folhaespirita.com.br\/loja\/wp-json\/wp\/v2\/product_tag?post=2047"}],"curies":[{"name":"wp","href":"https:\/\/api.w.org\/{rel}","templated":true}]}}