{"id":2053,"date":"2022-05-18T21:33:09","date_gmt":"2022-05-19T00:33:09","guid":{"rendered":"https:\/\/folhaespirita.com.br\/loja\/produto\/parapsicologia\/"},"modified":"2026-03-04T13:31:50","modified_gmt":"2026-03-04T16:31:50","slug":"parapsicologia","status":"publish","type":"product","link":"https:\/\/folhaespirita.com.br\/loja\/produto\/parapsicologia\/","title":{"rendered":"Parapsicologia"},"content":{"rendered":"<p>O presente livro originou-se de uma s\u00e9rie de artigos sobre a Parapsicologia, publicados na Folha Esp\u00edrita, pelo autor Hernani Guimar\u00e3es Andrade, sob o pseud\u00f4nimo de Karl W. Goldstein. Um grupo de estudiosos da cidade de Bauru resolveu transformar em apostila a colet\u00e2nea dos vinte e sete artigos daquela s\u00e9rie. Essa apostila foi utilizada com sucesso como livro texto de um curso de Psicobiof\u00edsica ministrado no Centro Esp\u00edrita Amor e Caridade (CEAC), de Bauru. Por se tratar de um curso de Parapsicologia, bastante did\u00e1tico e acess\u00edvel ao p\u00fablico de cultura m\u00e9dia e superior, sendo por isso muito procurado, o autor, de acordo com o editor, resolveu transform\u00e1-lo em livro, ap\u00f3s atualiz\u00e1-lo.Devido ao seu aspecto altamente informativo e totalmente isento de doutrina\u00e7\u00e3o religiosa, espera-se que venha a ser de grande interesse aos estudiosos de quaisquer credos, que estejam desejosos de iniciar seus estudos em Parapsicologia.<\/p>\n","protected":false},"excerpt":{"rendered":"<p>O presente livro originou-se de uma s\u00e9rie de artigos sobre a Parapsicologia, publicados na Folha Esp\u00edrita, pelo autor Hernani Guimar\u00e3es Andrade, sob o pseud\u00f4nimo de Karl W. Goldstein. Um grupo de estudiosos da cidade de Bauru resolveu transformar em apostila a colet\u00e2nea dos vinte e sete artigos<\/p>\n","protected":false},"featured_media":2458,"comment_status":"open","ping_status":"closed","template":"","meta":[],"product_brand":[],"product_cat":[26,30,24,21],"product_tag":[],"class_list":{"0":"post-2053","1":"product","2":"type-product","3":"status-publish","4":"has-post-thumbnail","6":"product_cat-autores","7":"product_cat-hernani-guimaraes-andrade","8":"product_cat-impressos","9":"product_cat-livros","11":"first","12":"instock","13":"shipping-taxable","14":"purchasable","15":"product-type-simple"},"_links":{"self":[{"href":"https:\/\/folhaespirita.com.br\/loja\/wp-json\/wp\/v2\/product\/2053","targetHints":{"allow":["GET"]}}],"collection":[{"href":"https:\/\/folhaespirita.com.br\/loja\/wp-json\/wp\/v2\/product"}],"about":[{"href":"https:\/\/folhaespirita.com.br\/loja\/wp-json\/wp\/v2\/types\/product"}],"replies":[{"embeddable":true,"href":"https:\/\/folhaespirita.com.br\/loja\/wp-json\/wp\/v2\/comments?post=2053"}],"wp:featuredmedia":[{"embeddable":true,"href":"https:\/\/folhaespirita.com.br\/loja\/wp-json\/wp\/v2\/media\/2458"}],"wp:attachment":[{"href":"https:\/\/folhaespirita.com.br\/loja\/wp-json\/wp\/v2\/media?parent=2053"}],"wp:term":[{"taxonomy":"product_brand","embeddable":true,"href":"https:\/\/folhaespirita.com.br\/loja\/wp-json\/wp\/v2\/product_brand?post=2053"},{"taxonomy":"product_cat","embeddable":true,"href":"https:\/\/folhaespirita.com.br\/loja\/wp-json\/wp\/v2\/product_cat?post=2053"},{"taxonomy":"product_tag","embeddable":true,"href":"https:\/\/folhaespirita.com.br\/loja\/wp-json\/wp\/v2\/product_tag?post=2053"}],"curies":[{"name":"wp","href":"https:\/\/api.w.org\/{rel}","templated":true}]}}