{"id":2059,"date":"2022-05-18T21:45:59","date_gmt":"2022-05-19T00:45:59","guid":{"rendered":"https:\/\/folhaespirita.com.br\/loja\/produto\/licoes-de-sabedoria\/"},"modified":"2026-03-04T13:29:29","modified_gmt":"2026-03-04T16:29:29","slug":"licoes-de-sabedoria","status":"publish","type":"product","link":"https:\/\/folhaespirita.com.br\/loja\/produto\/licoes-de-sabedoria\/","title":{"rendered":"Li\u00e7\u00f5es de Sabedoria"},"content":{"rendered":"<p>Um verdadeiro manual para consultas para o dia-a-dia. Neste livro, Chico Xavier fala de forma simples e direta sobre temas atuais: Dor, Amor ao Pr\u00f3ximo, Sexo, Drogas, Aborto, Eutan\u00e1sia e muitos outros. Pela primeira vez, voc\u00ea encontrar\u00e1 reunidos e organizados, de maneira pr\u00e1tica, os principais ensinamentos de Chico Xavier publicados em 23 anos de exist\u00eancia da Folha Esp\u00edrita.<\/p>\n","protected":false},"excerpt":{"rendered":"<p>Um verdadeiro manual para consultas para o dia-a-dia. Neste livro, Chico Xavier fala de forma simples e direta sobre temas atuais: Dor, Amor ao Pr\u00f3ximo, Sexo, Drogas, Aborto, Eutan\u00e1sia e muitos outros. Pela primeira vez, voc\u00ea encontrar\u00e1 reunidos e organizados, de maneira pr\u00e1tica, os principais ensinamentos de<\/p>\n","protected":false},"featured_media":2456,"comment_status":"open","ping_status":"closed","template":"","meta":[],"product_brand":[],"product_cat":[26,24,21,27],"product_tag":[],"class_list":{"0":"post-2059","1":"product","2":"type-product","3":"status-publish","4":"has-post-thumbnail","6":"product_cat-autores","7":"product_cat-impressos","8":"product_cat-livros","9":"product_cat-marlene-nobre","11":"first","12":"instock","13":"shipping-taxable","14":"purchasable","15":"product-type-simple"},"_links":{"self":[{"href":"https:\/\/folhaespirita.com.br\/loja\/wp-json\/wp\/v2\/product\/2059","targetHints":{"allow":["GET"]}}],"collection":[{"href":"https:\/\/folhaespirita.com.br\/loja\/wp-json\/wp\/v2\/product"}],"about":[{"href":"https:\/\/folhaespirita.com.br\/loja\/wp-json\/wp\/v2\/types\/product"}],"replies":[{"embeddable":true,"href":"https:\/\/folhaespirita.com.br\/loja\/wp-json\/wp\/v2\/comments?post=2059"}],"wp:featuredmedia":[{"embeddable":true,"href":"https:\/\/folhaespirita.com.br\/loja\/wp-json\/wp\/v2\/media\/2456"}],"wp:attachment":[{"href":"https:\/\/folhaespirita.com.br\/loja\/wp-json\/wp\/v2\/media?parent=2059"}],"wp:term":[{"taxonomy":"product_brand","embeddable":true,"href":"https:\/\/folhaespirita.com.br\/loja\/wp-json\/wp\/v2\/product_brand?post=2059"},{"taxonomy":"product_cat","embeddable":true,"href":"https:\/\/folhaespirita.com.br\/loja\/wp-json\/wp\/v2\/product_cat?post=2059"},{"taxonomy":"product_tag","embeddable":true,"href":"https:\/\/folhaespirita.com.br\/loja\/wp-json\/wp\/v2\/product_tag?post=2059"}],"curies":[{"name":"wp","href":"https:\/\/api.w.org\/{rel}","templated":true}]}}