{"id":2070,"date":"2024-04-15T15:54:49","date_gmt":"2024-04-15T18:54:49","guid":{"rendered":"https:\/\/folhaespirita.com.br\/loja\/produto\/fisiologia-transdimensional-e-book\/"},"modified":"2026-03-04T13:53:40","modified_gmt":"2026-03-04T16:53:40","slug":"fisiologia-transdimensional-e-book","status":"publish","type":"product","link":"https:\/\/folhaespirita.com.br\/loja\/produto\/fisiologia-transdimensional-e-book\/","title":{"rendered":"Fisiologia Transdimensional &#8211; e-book"},"content":{"rendered":"<p>Este livro \u00e9 um exerc\u00edcio de comunh\u00e3o entre ci\u00eancia e religi\u00e3o que tenta mostrar de modo simples e objetivo a compatibilidade que h\u00e1 entre os conhecimentos da ci\u00eancia m\u00e9dica convencional e os princ\u00edpios esp\u00edritas. Enquanto ci\u00eancia, filosofia e religi\u00e3o, o espiritismo n\u00e3o nega nenhum dos conhecimentos j\u00e1 institu\u00eddos pelo trabalho de s\u00e9culos de pesquisas, mas d\u00e1 um novo f\u00f4lego \u00e0 ci\u00eancia, ao trazer o paradigma espiritualista para o pensamento cient\u00edfico, fazendo luz sobre pontos obscuros do conhecimento humano. No segundo semestre de 1997, a Associa\u00e7\u00e3o M\u00e9dico-Esp\u00edrita da Baixada Santista (AME-BS), hoje AME-Santos, iniciou na Universidade Santa Cec\u00edlia, de Santos (SP), o primeiro curso de extens\u00e3o universit\u00e1ria, intitulado &#8220;Bases da Integra\u00e7\u00e3o C\u00e9rebro-Mente-Corpo-Esp\u00edrito&#8221;. Contando com o total apoio da Universidade, a Associa\u00e7\u00e3o foi surpreendida com cerca de 200 inscri\u00e7\u00f5es, quando a proje\u00e7\u00e3o inicial era de apenas 40. Ap\u00f3s quatro semestres de palestras e discuss\u00f5es, com professores como o Dr. S\u00e9rgio Felipe de Oliveira e a Dra. Irv\u00eania Prada, dentre muitos outros colaboradores da Associa\u00e7\u00e3o M\u00e9dico-Esp\u00edrita da Baixada Santista, vimos ser coroado de \u00eaxito um trabalho que continua at\u00e9 os dias de hoje. Este livro \u00e9 um dos frutos desse curso pioneiro, tendo, o autor, dado o m\u00f3dulo de Anatomia e Fisiologia. Nele, est\u00e3o estudos e discuss\u00f5es acerca da fisiologia m\u00e9dica e os conceitos esp\u00edritas, que procuram construir uma ponte entre a ci\u00eancia convencional e a doutrina esp\u00edrita, e ainda \u2013 fi\u00e9is aos objetivos das Associa\u00e7\u00f5es M\u00e9dico-Esp\u00edritas de todo o Brasil, sejam elas quais forem \u2013 levar o centro esp\u00edrita \u00e0 universidade e a universidade ao centro esp\u00edrita.<\/p>\n","protected":false},"excerpt":{"rendered":"<p>Este livro \u00e9 um exerc\u00edcio de comunh\u00e3o entre ci\u00eancia e religi\u00e3o que tenta mostrar de modo simples e objetivo a compatibilidade que h\u00e1 entre os conhecimentos da ci\u00eancia m\u00e9dica convencional e os princ\u00edpios esp\u00edritas. Enquanto ci\u00eancia, filosofia e religi\u00e3o, o espiritismo n\u00e3o nega nenhum dos conhecimentos j\u00e1 institu\u00eddos pelo trabalho de s\u00e9culos de pesquisas, mas [&hellip;]<\/p>\n","protected":false},"featured_media":2476,"comment_status":"open","ping_status":"closed","template":"","meta":[],"product_brand":[],"product_cat":[26,28,23],"product_tag":[],"class_list":{"0":"post-2070","1":"product","2":"type-product","3":"status-publish","4":"has-post-thumbnail","6":"product_cat-autores","7":"product_cat-decio-iandoli-jr","8":"product_cat-ebook","10":"first","11":"instock","12":"shipping-taxable","13":"product-type-external"},"_links":{"self":[{"href":"https:\/\/folhaespirita.com.br\/loja\/wp-json\/wp\/v2\/product\/2070","targetHints":{"allow":["GET"]}}],"collection":[{"href":"https:\/\/folhaespirita.com.br\/loja\/wp-json\/wp\/v2\/product"}],"about":[{"href":"https:\/\/folhaespirita.com.br\/loja\/wp-json\/wp\/v2\/types\/product"}],"replies":[{"embeddable":true,"href":"https:\/\/folhaespirita.com.br\/loja\/wp-json\/wp\/v2\/comments?post=2070"}],"wp:featuredmedia":[{"embeddable":true,"href":"https:\/\/folhaespirita.com.br\/loja\/wp-json\/wp\/v2\/media\/2476"}],"wp:attachment":[{"href":"https:\/\/folhaespirita.com.br\/loja\/wp-json\/wp\/v2\/media?parent=2070"}],"wp:term":[{"taxonomy":"product_brand","embeddable":true,"href":"https:\/\/folhaespirita.com.br\/loja\/wp-json\/wp\/v2\/product_brand?post=2070"},{"taxonomy":"product_cat","embeddable":true,"href":"https:\/\/folhaespirita.com.br\/loja\/wp-json\/wp\/v2\/product_cat?post=2070"},{"taxonomy":"product_tag","embeddable":true,"href":"https:\/\/folhaespirita.com.br\/loja\/wp-json\/wp\/v2\/product_tag?post=2070"}],"curies":[{"name":"wp","href":"https:\/\/api.w.org\/{rel}","templated":true}]}}