{"id":2071,"date":"2024-04-15T16:03:04","date_gmt":"2024-04-15T19:03:04","guid":{"rendered":"https:\/\/folhaespirita.com.br\/loja\/produto\/a-obsessao-e-suas-mascaras-um-estudo-da-obra-de-andre-luiz-e-book\/"},"modified":"2026-03-04T13:53:06","modified_gmt":"2026-03-04T16:53:06","slug":"a-obsessao-e-suas-mascaras-um-estudo-da-obra-de-andre-luiz-e-book","status":"publish","type":"product","link":"https:\/\/folhaespirita.com.br\/loja\/produto\/a-obsessao-e-suas-mascaras-um-estudo-da-obra-de-andre-luiz-e-book\/","title":{"rendered":"A Obsess\u00e3o e Suas M\u00e1scaras &#8211; Um Estudo da Obra de Andr\u00e9 Luiz &#8211; e-book"},"content":{"rendered":"<p>Neste livro, voc\u00ea encontra uma s\u00edntese de tudo (ou quase tudo) quanto o esp\u00edrito de Andr\u00e9 Luiz escreveu sobre Obsess\u00e3o e Pensamento, em catorze de suas obras. Uma realidade ressalta deste estudo aprofundado: o ser humano afivela muitas m\u00e1scaras ao seu rosto, que n\u00e3o s\u00e3o as de sua pr\u00f3pria persona, levando-o a atos mal\u00e9ficos e caminhos tortuosos. Muitas delas s\u00e3o apavorantes, outras nem tanto, mas todas, sem exce\u00e7\u00e3o, necessitam passar pelo banho de luz da renova\u00e7\u00e3o espiritual que s\u00f3 o Evangelho do Cristo pode oferecer. Este livro tem sido estudado em milhares de casas esp\u00edritas quando o tema \u00e9 Obsess\u00e3o.<\/p>\n","protected":false},"excerpt":{"rendered":"<p>Neste livro, voc\u00ea encontra uma s\u00edntese de tudo (ou quase tudo) quanto o esp\u00edrito de Andr\u00e9 Luiz escreveu sobre Obsess\u00e3o e Pensamento, em catorze de suas obras. Uma realidade ressalta deste estudo aprofundado: o ser humano afivela muitas m\u00e1scaras ao seu rosto, que n\u00e3o s\u00e3o as de sua pr\u00f3pria persona, levando-o a atos mal\u00e9ficos e [&hellip;]<\/p>\n","protected":false},"featured_media":2475,"comment_status":"open","ping_status":"closed","template":"","meta":[],"product_brand":[],"product_cat":[26,23,27],"product_tag":[],"class_list":{"0":"post-2071","1":"product","2":"type-product","3":"status-publish","4":"has-post-thumbnail","6":"product_cat-autores","7":"product_cat-ebook","8":"product_cat-marlene-nobre","10":"first","11":"instock","12":"shipping-taxable","13":"product-type-external"},"_links":{"self":[{"href":"https:\/\/folhaespirita.com.br\/loja\/wp-json\/wp\/v2\/product\/2071","targetHints":{"allow":["GET"]}}],"collection":[{"href":"https:\/\/folhaespirita.com.br\/loja\/wp-json\/wp\/v2\/product"}],"about":[{"href":"https:\/\/folhaespirita.com.br\/loja\/wp-json\/wp\/v2\/types\/product"}],"replies":[{"embeddable":true,"href":"https:\/\/folhaespirita.com.br\/loja\/wp-json\/wp\/v2\/comments?post=2071"}],"wp:featuredmedia":[{"embeddable":true,"href":"https:\/\/folhaespirita.com.br\/loja\/wp-json\/wp\/v2\/media\/2475"}],"wp:attachment":[{"href":"https:\/\/folhaespirita.com.br\/loja\/wp-json\/wp\/v2\/media?parent=2071"}],"wp:term":[{"taxonomy":"product_brand","embeddable":true,"href":"https:\/\/folhaespirita.com.br\/loja\/wp-json\/wp\/v2\/product_brand?post=2071"},{"taxonomy":"product_cat","embeddable":true,"href":"https:\/\/folhaespirita.com.br\/loja\/wp-json\/wp\/v2\/product_cat?post=2071"},{"taxonomy":"product_tag","embeddable":true,"href":"https:\/\/folhaespirita.com.br\/loja\/wp-json\/wp\/v2\/product_tag?post=2071"}],"curies":[{"name":"wp","href":"https:\/\/api.w.org\/{rel}","templated":true}]}}