{"id":2072,"date":"2024-04-15T16:06:52","date_gmt":"2024-04-15T19:06:52","guid":{"rendered":"https:\/\/folhaespirita.com.br\/loja\/produto\/a-questao-espiritual-dos-animais-versao-pb\/"},"modified":"2026-03-04T13:24:30","modified_gmt":"2026-03-04T16:24:30","slug":"a-questao-espiritual-dos-animais-versao-pb","status":"publish","type":"product","link":"https:\/\/folhaespirita.com.br\/loja\/produto\/a-questao-espiritual-dos-animais-versao-pb\/","title":{"rendered":"A Quest\u00e3o Espiritual dos Animais (em Preto e Branco)"},"content":{"rendered":"<p>Com este livro pretende-se demonstrar, atrav\u00e9s desta obra, que os animais n\u00e3o s\u00e3o simples m\u00e1quinas movidas por um &#8220;combust\u00edvel&#8221; chamado instinto. Pelo contr\u00e1rio, suas mais variadas esp\u00e9cies e formas org\u00e2nicas representam manifesta\u00e7\u00f5es de atua\u00e7\u00e3o do princ\u00edpio inteligente no cumprimento das sucessivas etapas da sua longa jornada evolutiva. Temas como desencarne e reencarna\u00e7\u00e3o, figuras animais no plano espiritual, mediunidade, carma e sofrimento, &#8220;esp\u00edritos da natureza&#8221;, eutan\u00e1sia, emo\u00e7\u00f5es e &#8220;humaniza\u00e7\u00e3o&#8221;dos animais, bem como dilemas \u00e9tico e doutrin\u00e1rio do comer ou n\u00e3o comer carne s\u00e3o aqui tratados de maneira cr\u00edtica, ou seja, como quest\u00e3o. Vale a pena continuar a estudar, a pesquisar e a aprender. S\u00f3 n\u00e3o vale passar, em nome da Doutrina Esp\u00edrita, nossos conceitos, nossas opini\u00f5es e posturas pessoais.<\/p>\n","protected":false},"excerpt":{"rendered":"<p>Com este livro pretende-se demonstrar, atrav\u00e9s desta obra, que os animais n\u00e3o s\u00e3o simples m\u00e1quinas movidas por um &#8220;combust\u00edvel&#8221; chamado instinto. Pelo contr\u00e1rio, suas mais variadas esp\u00e9cies e formas org\u00e2nicas representam manifesta\u00e7\u00f5es de atua\u00e7\u00e3o do princ\u00edpio inteligente no cumprimento das sucessivas etapas da sua longa jornada evolutiva. Temas como desencarne e reencarna\u00e7\u00e3o, figuras animais no [&hellip;]<\/p>\n","protected":false},"featured_media":2453,"comment_status":"open","ping_status":"closed","template":"","meta":[],"product_brand":[],"product_cat":[26,24,33,21],"product_tag":[],"class_list":{"0":"post-2072","1":"product","2":"type-product","3":"status-publish","4":"has-post-thumbnail","6":"product_cat-autores","7":"product_cat-impressos","8":"product_cat-irvenia-l-s-prada","9":"product_cat-livros","11":"first","12":"instock","13":"shipping-taxable","14":"purchasable","15":"product-type-simple"},"_links":{"self":[{"href":"https:\/\/folhaespirita.com.br\/loja\/wp-json\/wp\/v2\/product\/2072","targetHints":{"allow":["GET"]}}],"collection":[{"href":"https:\/\/folhaespirita.com.br\/loja\/wp-json\/wp\/v2\/product"}],"about":[{"href":"https:\/\/folhaespirita.com.br\/loja\/wp-json\/wp\/v2\/types\/product"}],"replies":[{"embeddable":true,"href":"https:\/\/folhaespirita.com.br\/loja\/wp-json\/wp\/v2\/comments?post=2072"}],"wp:featuredmedia":[{"embeddable":true,"href":"https:\/\/folhaespirita.com.br\/loja\/wp-json\/wp\/v2\/media\/2453"}],"wp:attachment":[{"href":"https:\/\/folhaespirita.com.br\/loja\/wp-json\/wp\/v2\/media?parent=2072"}],"wp:term":[{"taxonomy":"product_brand","embeddable":true,"href":"https:\/\/folhaespirita.com.br\/loja\/wp-json\/wp\/v2\/product_brand?post=2072"},{"taxonomy":"product_cat","embeddable":true,"href":"https:\/\/folhaespirita.com.br\/loja\/wp-json\/wp\/v2\/product_cat?post=2072"},{"taxonomy":"product_tag","embeddable":true,"href":"https:\/\/folhaespirita.com.br\/loja\/wp-json\/wp\/v2\/product_tag?post=2072"}],"curies":[{"name":"wp","href":"https:\/\/api.w.org\/{rel}","templated":true}]}}