{"id":2074,"date":"2024-04-15T16:14:03","date_gmt":"2024-04-15T19:14:03","guid":{"rendered":"https:\/\/folhaespirita.com.br\/loja\/produto\/o-passe-como-cura-magnetica-2\/"},"modified":"2026-03-04T13:25:31","modified_gmt":"2026-03-04T16:25:31","slug":"o-passe-como-cura-magnetica-2","status":"publish","type":"product","link":"https:\/\/folhaespirita.com.br\/loja\/produto\/o-passe-como-cura-magnetica-2\/","title":{"rendered":"O Passe Como Cura Magn\u00e9tica"},"content":{"rendered":"<p dir=\"ltr\" data-test-bidi=\"\">O passe \u00e9 uma atividade que gera muitas d\u00favidas, tanto para quem realiza quanto para quem recebe ele. Afinal: o que se doa? Como se doa? Quem doa? Quem recebe? Fomos buscar as respostas a essas perguntas t\u00e3o importantes nas fontes da Doutrina Esp\u00edrita, principalmente nas obras de Allan Kardec e nas de Chico Xavier. Essas respostas nos mostram que o passe n\u00e3o \u00e9 s\u00f3 instrumento de bem-estar \u00edntimo, mas tamb\u00e9m de cura magn\u00e9tica. \u00c9 por essa raz\u00e3o que este livro faz um estudo detalhado da a\u00e7\u00e3o dos pensamentos na produ\u00e7\u00e3o dos fluidos magn\u00e9ticos e dos seus poss\u00edveis mecanismos de aplica\u00e7\u00e3o nas diferentes modalidades de cura. Por fim, mostra a maneira mais simples e eficaz de aplic\u00e1-los em aux\u00edlio a sa\u00fade humana.<\/p>\n<p>&nbsp;<\/p>\n<p dir=\"ltr\" data-test-bidi=\"\">Com base nos estudos, constata-se que o fluido magn\u00e9tico ou vital \u00e9 patrim\u00f4nio de todos os seres.Quando transmitido no passe ou durante uma cirurgia espiritual, pode ser o fator de bem-estar e de cura de afec\u00e7\u00f5es e doen\u00e7as diversas. O passista que serve aos semelhantes de forma \u00e9tica, dando de gra\u00e7a o que de gra\u00e7a recebeu, \u00e9 auxiliado por Mensageiros da Luz, que mesclam suas energias as dele, aplicando utilmente suas for\u00e7as radiantes. Estudar o passe \u00e9 descobrir que ele \u00e9 tamb\u00e9m cura magn\u00e9tica &#8211; uma terap\u00eautica simples, sem contraindica\u00e7\u00e3o, que tem beneficiado milhares de criaturas humanas.<\/p>\n","protected":false},"excerpt":{"rendered":"<p>O passe \u00e9 uma atividade que gera muitas d\u00favidas, tanto para quem realiza quanto para quem recebe ele. Afinal: o que se doa? Como se doa? Quem doa? Quem recebe? Fomos buscar as respostas a essas perguntas t\u00e3o importantes nas fontes da Doutrina Esp\u00edrita, principalmente nas obras de Allan Kardec e nas de Chico Xavier. [&hellip;]<\/p>\n","protected":false},"featured_media":2454,"comment_status":"open","ping_status":"closed","template":"","meta":[],"product_brand":[],"product_cat":[26,24,21,27],"product_tag":[],"class_list":{"0":"post-2074","1":"product","2":"type-product","3":"status-publish","4":"has-post-thumbnail","6":"product_cat-autores","7":"product_cat-impressos","8":"product_cat-livros","9":"product_cat-marlene-nobre","11":"first","12":"instock","13":"shipping-taxable","14":"purchasable","15":"product-type-simple"},"_links":{"self":[{"href":"https:\/\/folhaespirita.com.br\/loja\/wp-json\/wp\/v2\/product\/2074","targetHints":{"allow":["GET"]}}],"collection":[{"href":"https:\/\/folhaespirita.com.br\/loja\/wp-json\/wp\/v2\/product"}],"about":[{"href":"https:\/\/folhaespirita.com.br\/loja\/wp-json\/wp\/v2\/types\/product"}],"replies":[{"embeddable":true,"href":"https:\/\/folhaespirita.com.br\/loja\/wp-json\/wp\/v2\/comments?post=2074"}],"wp:featuredmedia":[{"embeddable":true,"href":"https:\/\/folhaespirita.com.br\/loja\/wp-json\/wp\/v2\/media\/2454"}],"wp:attachment":[{"href":"https:\/\/folhaespirita.com.br\/loja\/wp-json\/wp\/v2\/media?parent=2074"}],"wp:term":[{"taxonomy":"product_brand","embeddable":true,"href":"https:\/\/folhaespirita.com.br\/loja\/wp-json\/wp\/v2\/product_brand?post=2074"},{"taxonomy":"product_cat","embeddable":true,"href":"https:\/\/folhaespirita.com.br\/loja\/wp-json\/wp\/v2\/product_cat?post=2074"},{"taxonomy":"product_tag","embeddable":true,"href":"https:\/\/folhaespirita.com.br\/loja\/wp-json\/wp\/v2\/product_tag?post=2074"}],"curies":[{"name":"wp","href":"https:\/\/api.w.org\/{rel}","templated":true}]}}