{"id":2075,"date":"2024-04-15T17:16:08","date_gmt":"2024-04-15T20:16:08","guid":{"rendered":"https:\/\/folhaespirita.com.br\/loja\/produto\/espiritismo-razao-como-metodo-mediunidade-como-laboratorio-e-moral-como-objetivo-e-book\/"},"modified":"2026-03-04T13:51:56","modified_gmt":"2026-03-04T16:51:56","slug":"espiritismo-razao-como-metodo-mediunidade-como-laboratorio-e-moral-como-objetivo-e-book","status":"publish","type":"product","link":"https:\/\/folhaespirita.com.br\/loja\/produto\/espiritismo-razao-como-metodo-mediunidade-como-laboratorio-e-moral-como-objetivo-e-book\/","title":{"rendered":"Espiritismo &#8211; Raz\u00e3o como m\u00e9todo, mediunidade como laborat\u00f3rio e moral como objetivo &#8211; e-book"},"content":{"rendered":"<p>Quem somos? De onde viemos? O que estamos fazendo aqui? Para onde vamos? Se voc\u00ea ainda faz estes questionamentos, este livro lhe oferece a oportunidade de vivenciar essas reflex\u00f5es, pois trata das bases racionais do Espiritismo, doutrina reveladora de que a nossa verdadeira natureza \u00e9 a do Esp\u00edrito, que antecede e sobrevive \u00e0 viv\u00eancia do corpo f\u00edsico. A busca da transcend\u00eancia evolutiva de cada um de n\u00f3s, em Esp\u00edrito, encontrar\u00e1 no conhecimento do fen\u00f4meno medi\u00fanico como fato e dos mecanismos da reencarna\u00e7\u00e3o um motivo renovador para assumirmos a proposta de uma progressiva transforma\u00e7\u00e3o moral. Se voc\u00ea j\u00e1 conhece a Doutrina, encontrar\u00e1 nas p\u00e1ginas desta obra um rico material para consolidar ainda mais seus conhecimentos sobre sua estrutura de ci\u00eancia, filosofia e moral, o que nos permite descobrir o verdadeiro sentido da f\u00e9 raciocinada.<\/p>\n","protected":false},"excerpt":{"rendered":"<p>Quem somos? De onde viemos? O que estamos fazendo aqui? Para onde vamos? Se voc\u00ea ainda faz estes questionamentos, este livro lhe oferece a oportunidade de vivenciar essas reflex\u00f5es, pois trata das bases racionais do Espiritismo, doutrina reveladora de que a nossa verdadeira natureza \u00e9 a do Esp\u00edrito, que antecede e sobrevive \u00e0 viv\u00eancia do [&hellip;]<\/p>\n","protected":false},"featured_media":2473,"comment_status":"open","ping_status":"closed","template":"","meta":[],"product_brand":[],"product_cat":[26,23,33],"product_tag":[],"class_list":{"0":"post-2075","1":"product","2":"type-product","3":"status-publish","4":"has-post-thumbnail","6":"product_cat-autores","7":"product_cat-ebook","8":"product_cat-irvenia-l-s-prada","10":"first","11":"instock","12":"shipping-taxable","13":"product-type-external"},"_links":{"self":[{"href":"https:\/\/folhaespirita.com.br\/loja\/wp-json\/wp\/v2\/product\/2075","targetHints":{"allow":["GET"]}}],"collection":[{"href":"https:\/\/folhaespirita.com.br\/loja\/wp-json\/wp\/v2\/product"}],"about":[{"href":"https:\/\/folhaespirita.com.br\/loja\/wp-json\/wp\/v2\/types\/product"}],"replies":[{"embeddable":true,"href":"https:\/\/folhaespirita.com.br\/loja\/wp-json\/wp\/v2\/comments?post=2075"}],"wp:featuredmedia":[{"embeddable":true,"href":"https:\/\/folhaespirita.com.br\/loja\/wp-json\/wp\/v2\/media\/2473"}],"wp:attachment":[{"href":"https:\/\/folhaespirita.com.br\/loja\/wp-json\/wp\/v2\/media?parent=2075"}],"wp:term":[{"taxonomy":"product_brand","embeddable":true,"href":"https:\/\/folhaespirita.com.br\/loja\/wp-json\/wp\/v2\/product_brand?post=2075"},{"taxonomy":"product_cat","embeddable":true,"href":"https:\/\/folhaespirita.com.br\/loja\/wp-json\/wp\/v2\/product_cat?post=2075"},{"taxonomy":"product_tag","embeddable":true,"href":"https:\/\/folhaespirita.com.br\/loja\/wp-json\/wp\/v2\/product_tag?post=2075"}],"curies":[{"name":"wp","href":"https:\/\/api.w.org\/{rel}","templated":true}]}}