{"id":2079,"date":"2024-04-17T03:28:01","date_gmt":"2024-04-17T06:28:01","guid":{"rendered":"https:\/\/folhaespirita.com.br\/loja\/produto\/raizes-do-bem-e-book\/"},"modified":"2026-03-04T14:05:26","modified_gmt":"2026-03-04T17:05:26","slug":"raizes-do-bem-e-book","status":"publish","type":"product","link":"https:\/\/folhaespirita.com.br\/loja\/produto\/raizes-do-bem-e-book\/","title":{"rendered":"Ra\u00edzes do Bem &#8211; e-book"},"content":{"rendered":"<p dir=\"ltr\" data-test-bidi=\"\">A m\u00e9dica Marlene Nobre \u00e9 refer\u00eancia internacional por seu trabalho em prol da uni\u00e3o da Ci\u00eancia com a Espiritualidade. Sua produ\u00e7\u00e3o medi\u00fanica \u00e9 pouco disseminada. Assim, como forma de homenagear e deixar gravadas as ra\u00edzes do for\u00e7a, dedica\u00e7\u00e3o e do amor que moveram essa grande mulher, nasceu a colet\u00e2nea Ra\u00edzes do bem, que traz mensagens rebevidas por ela por interm\u00e9dio da psicografia e da psicofonia. Durante toda sua vida, a Espiritualidade sustentou e inspirou suas atividades em prol da dissemina\u00e7\u00e3o do ideal m\u00e9dico-esp\u00edrita e do grupo Esp\u00edrita Cairbar Schutel, em S\u00e3o PauloeSP. Agora, com a publica\u00e7\u00e3o dessas mensagens psicografadas, temos a oportunidade de tamb\u00e9m nos inspirarmos com li\u00e7\u00f5es e reflex\u00f5es trazidas por Albino Teixeira, Andr\u00e9 Luiz, Bezerra de Menezes, An\u00e1lia Franco, Cairbar Schutel, Freitas Nobre, Hil\u00e1rio Silva, L\u00e9on Denis, Meimei, entre outros.<\/p>\n","protected":false},"excerpt":{"rendered":"<p>A m\u00e9dica Marlene Nobre \u00e9 refer\u00eancia internacional por seu trabalho em prol da uni\u00e3o da Ci\u00eancia com a Espiritualidade. Sua produ\u00e7\u00e3o medi\u00fanica \u00e9 pouco disseminada. Assim, como forma de homenagear e deixar gravadas as ra\u00edzes do for\u00e7a, dedica\u00e7\u00e3o e do amor que moveram essa grande mulher, nasceu a colet\u00e2nea Ra\u00edzes do bem, que traz mensagens [&hellip;]<\/p>\n","protected":false},"featured_media":2452,"comment_status":"open","ping_status":"closed","template":"","meta":[],"product_brand":[],"product_cat":[26,23,27],"product_tag":[],"class_list":{"0":"post-2079","1":"product","2":"type-product","3":"status-publish","4":"has-post-thumbnail","6":"product_cat-autores","7":"product_cat-ebook","8":"product_cat-marlene-nobre","10":"first","11":"instock","12":"shipping-taxable","13":"product-type-external"},"_links":{"self":[{"href":"https:\/\/folhaespirita.com.br\/loja\/wp-json\/wp\/v2\/product\/2079","targetHints":{"allow":["GET"]}}],"collection":[{"href":"https:\/\/folhaespirita.com.br\/loja\/wp-json\/wp\/v2\/product"}],"about":[{"href":"https:\/\/folhaespirita.com.br\/loja\/wp-json\/wp\/v2\/types\/product"}],"replies":[{"embeddable":true,"href":"https:\/\/folhaespirita.com.br\/loja\/wp-json\/wp\/v2\/comments?post=2079"}],"wp:featuredmedia":[{"embeddable":true,"href":"https:\/\/folhaespirita.com.br\/loja\/wp-json\/wp\/v2\/media\/2452"}],"wp:attachment":[{"href":"https:\/\/folhaespirita.com.br\/loja\/wp-json\/wp\/v2\/media?parent=2079"}],"wp:term":[{"taxonomy":"product_brand","embeddable":true,"href":"https:\/\/folhaespirita.com.br\/loja\/wp-json\/wp\/v2\/product_brand?post=2079"},{"taxonomy":"product_cat","embeddable":true,"href":"https:\/\/folhaespirita.com.br\/loja\/wp-json\/wp\/v2\/product_cat?post=2079"},{"taxonomy":"product_tag","embeddable":true,"href":"https:\/\/folhaespirita.com.br\/loja\/wp-json\/wp\/v2\/product_tag?post=2079"}],"curies":[{"name":"wp","href":"https:\/\/api.w.org\/{rel}","templated":true}]}}