{"id":2096,"date":"2025-06-26T23:31:30","date_gmt":"2025-06-27T02:31:30","guid":{"rendered":"https:\/\/folhaespirita.com.br\/loja\/produto\/animais-na-escola-evolutiva-segundo-as-obras-de-andre-luiz\/"},"modified":"2026-03-04T13:18:24","modified_gmt":"2026-03-04T16:18:24","slug":"animais-na-escola-evolutiva-segundo-as-obras-de-andre-luiz","status":"publish","type":"product","link":"https:\/\/folhaespirita.com.br\/loja\/produto\/animais-na-escola-evolutiva-segundo-as-obras-de-andre-luiz\/","title":{"rendered":"Animais na escola evolutiva &#8211; Segundo as obras de Andr\u00e9 Luiz"},"content":{"rendered":"<p>H\u00e1 evid\u00eancias claras na literatura esp\u00edrita de que, assim como n\u00f3s, os animais s\u00e3o seres espirituais em evolu\u00e7\u00e3o, que pensam e reencarnam. Al\u00e9m disso, a ci\u00eancia reconhece que s\u00e3o seres senscientes, ou seja, dotados de atributos como sensibilidade, intelig\u00eancia, consci\u00eancia, vontade, mem\u00f3ria e capacidade de aprendizado, no processo de vivenciar as li\u00e7\u00f5es da Escola da Vida. Sendo nossos irm\u00e3os mais novos, eles merecem nossa aten\u00e7\u00e3o, nossos cuidados e, especialmente, nosso respeito \u00e0 sua capacidade de sofrimento f\u00edsico e mental e ao seu direito natural de viver.<\/p>\n<p>Esta obra \u00e9 fruto de uma pesquisa aprofundada na s\u00e9rie &#8220;A vida no mundo espiritual&#8221;, do benfeitor Andr\u00e9 Luiz, que aborda informa\u00e7\u00f5es e reflex\u00f5es sobre os animais. Os diversos cap\u00edtulos revelam a vasta diversidade e complexidade desse tema. Seus ensinamentos nos motivam a cultivar o respeito por esses seres, com \u00eanfase na conduta esp\u00edrita ideal, marcada pelo amor, em rela\u00e7\u00e3o aos animais. Cada cap\u00edtulo apresenta as fontes das informa\u00e7\u00f5es, seguidas de nossas reflex\u00f5es e coment\u00e1rios. Convidamos o leitor a desenvolver suas pr\u00f3prias ideias sobre o que foi apresentado, pois isso dar\u00e1 continuidade, no plano mental, a este trabalho. Lembre-se de que, na busca pelo conhecimento, cada ponto final abre caminho para um novo come\u00e7o.\u2028\u2028\u2028<\/p>\n","protected":false},"excerpt":{"rendered":"<p>H\u00e1 evid\u00eancias claras na literatura esp\u00edrita de que, assim como n\u00f3s, os animais s\u00e3o seres espirituais em evolu\u00e7\u00e3o, que pensam e reencarnam. Al\u00e9m disso, a ci\u00eancia reconhece que s\u00e3o seres senscientes, ou seja, dotados de atributos como sensibilidade, intelig\u00eancia, consci\u00eancia, vontade, mem\u00f3ria e capacidade de aprendizado, no processo de vivenciar as li\u00e7\u00f5es da Escola da [&hellip;]<\/p>\n","protected":false},"featured_media":2449,"comment_status":"open","ping_status":"closed","template":"","meta":[],"product_brand":[],"product_cat":[26,24,33,21],"product_tag":[],"class_list":{"0":"post-2096","1":"product","2":"type-product","3":"status-publish","4":"has-post-thumbnail","6":"product_cat-autores","7":"product_cat-impressos","8":"product_cat-irvenia-l-s-prada","9":"product_cat-livros","11":"first","12":"instock","13":"shipping-taxable","14":"purchasable","15":"product-type-simple"},"_links":{"self":[{"href":"https:\/\/folhaespirita.com.br\/loja\/wp-json\/wp\/v2\/product\/2096","targetHints":{"allow":["GET"]}}],"collection":[{"href":"https:\/\/folhaespirita.com.br\/loja\/wp-json\/wp\/v2\/product"}],"about":[{"href":"https:\/\/folhaespirita.com.br\/loja\/wp-json\/wp\/v2\/types\/product"}],"replies":[{"embeddable":true,"href":"https:\/\/folhaespirita.com.br\/loja\/wp-json\/wp\/v2\/comments?post=2096"}],"wp:featuredmedia":[{"embeddable":true,"href":"https:\/\/folhaespirita.com.br\/loja\/wp-json\/wp\/v2\/media\/2449"}],"wp:attachment":[{"href":"https:\/\/folhaespirita.com.br\/loja\/wp-json\/wp\/v2\/media?parent=2096"}],"wp:term":[{"taxonomy":"product_brand","embeddable":true,"href":"https:\/\/folhaespirita.com.br\/loja\/wp-json\/wp\/v2\/product_brand?post=2096"},{"taxonomy":"product_cat","embeddable":true,"href":"https:\/\/folhaespirita.com.br\/loja\/wp-json\/wp\/v2\/product_cat?post=2096"},{"taxonomy":"product_tag","embeddable":true,"href":"https:\/\/folhaespirita.com.br\/loja\/wp-json\/wp\/v2\/product_tag?post=2096"}],"curies":[{"name":"wp","href":"https:\/\/api.w.org\/{rel}","templated":true}]}}