{"id":2104,"date":"2025-10-14T11:19:14","date_gmt":"2025-10-14T14:19:14","guid":{"rendered":"https:\/\/folhaespirita.com.br\/loja\/produto\/dormir-para-o-bem-e-book\/"},"modified":"2026-03-04T13:50:34","modified_gmt":"2026-03-04T16:50:34","slug":"dormir-para-o-bem-e-book","status":"publish","type":"product","link":"https:\/\/folhaespirita.com.br\/loja\/produto\/dormir-para-o-bem-e-book\/","title":{"rendered":"Dormir para o bem &#8211; e-book"},"content":{"rendered":"<p>&#8220;Dormir para o Bem: O lado espiritual do sono&#8221; conduz o leitor por uma jornada de despertar espiritual e renova\u00e7\u00e3o de vida, revelando que o sono vai al\u00e9m do repouso do corpo \u2014 \u00e9 uma oportunidade para a alma. Com base em viv\u00eancias pessoais, orienta\u00e7\u00f5es espirituais e refer\u00eancias da literatura esp\u00edrita, a obra desvenda o papel do desprendimento da alma durante o sono, mostrando como esse per\u00edodo pode ser fonte de aprendizado, cura e evolu\u00e7\u00e3o. O livro apresenta uma campanha espiritual de educa\u00e7\u00e3o para o sono e prop\u00f5e pr\u00e1ticas de prepara\u00e7\u00e3o e conex\u00e3o com o plano espiritual. Ao abordar relatos, estudos e ensinamentos dos Esp\u00edritos, Rone Portela inspira o leitor a transformar suas noites em experi\u00eancias de crescimento e esperan\u00e7a, capazes de renovar o dia e a pr\u00f3pria vida.<\/p>\n","protected":false},"excerpt":{"rendered":"<p>&#8220;Dormir para o Bem: O lado espiritual do sono&#8221; conduz o leitor por uma jornada de despertar espiritual e renova\u00e7\u00e3o de vida, revelando que o sono vai al\u00e9m do repouso do corpo \u2014 \u00e9 uma oportunidade para a alma. Com base em viv\u00eancias pessoais, orienta\u00e7\u00f5es espirituais e refer\u00eancias da literatura esp\u00edrita, a obra desvenda o papel do desprendimento da alma durante o sono, mostrando como esse per\u00edodo pode ser fonte de aprendizado, cura e evolu\u00e7\u00e3o. O livro apresenta uma campanha espiritual de educa\u00e7\u00e3o para o sono e prop\u00f5e pr\u00e1ticas de prepara\u00e7\u00e3o e conex\u00e3o com o plano espiritual. Ao abordar relatos, estudos e ensinamentos dos Esp\u00edritos, Rone Portela inspira o leitor a transformar suas noites em experi\u00eancias de crescimento e esperan\u00e7a, capazes de renovar o dia e a pr\u00f3pria vida.<\/p>\n","protected":false},"featured_media":2472,"comment_status":"open","ping_status":"closed","template":"","meta":[],"product_brand":[],"product_cat":[23],"product_tag":[],"class_list":{"0":"post-2104","1":"product","2":"type-product","3":"status-publish","4":"has-post-thumbnail","6":"product_cat-ebook","8":"first","9":"instock","10":"shipping-taxable","11":"product-type-external"},"_links":{"self":[{"href":"https:\/\/folhaespirita.com.br\/loja\/wp-json\/wp\/v2\/product\/2104","targetHints":{"allow":["GET"]}}],"collection":[{"href":"https:\/\/folhaespirita.com.br\/loja\/wp-json\/wp\/v2\/product"}],"about":[{"href":"https:\/\/folhaespirita.com.br\/loja\/wp-json\/wp\/v2\/types\/product"}],"replies":[{"embeddable":true,"href":"https:\/\/folhaespirita.com.br\/loja\/wp-json\/wp\/v2\/comments?post=2104"}],"wp:featuredmedia":[{"embeddable":true,"href":"https:\/\/folhaespirita.com.br\/loja\/wp-json\/wp\/v2\/media\/2472"}],"wp:attachment":[{"href":"https:\/\/folhaespirita.com.br\/loja\/wp-json\/wp\/v2\/media?parent=2104"}],"wp:term":[{"taxonomy":"product_brand","embeddable":true,"href":"https:\/\/folhaespirita.com.br\/loja\/wp-json\/wp\/v2\/product_brand?post=2104"},{"taxonomy":"product_cat","embeddable":true,"href":"https:\/\/folhaespirita.com.br\/loja\/wp-json\/wp\/v2\/product_cat?post=2104"},{"taxonomy":"product_tag","embeddable":true,"href":"https:\/\/folhaespirita.com.br\/loja\/wp-json\/wp\/v2\/product_tag?post=2104"}],"curies":[{"name":"wp","href":"https:\/\/api.w.org\/{rel}","templated":true}]}}